{"id":63,"date":"2017-03-10T20:21:13","date_gmt":"2017-03-10T20:21:13","guid":{"rendered":"http:\/\/greenville.ancorathemes.com\/?page_id=63"},"modified":"2025-05-15T20:52:05","modified_gmt":"2025-05-15T20:52:05","slug":"contacts","status":"publish","type":"page","link":"https:\/\/colon.mx\/index.php\/contacts\/","title":{"rendered":"Cont\u00e1ctanos"},"content":{"rendered":"<div class=\"wpb-content-wrapper\"><p>[vc_row][vc_column][vc_empty_space alter_height=&#8221;small&#8221; hide_on_mobile=&#8221;&#8221; css=&#8221;.vc_custom_1617678866088{margin-bottom: 2rem !important;}&#8221;]<div id=\"sc_title_980694730\"\r\n\t\tclass=\"sc_title sc_title_default\"><h6 class=\"sc_item_subtitle sc_title_subtitle sc_align_center sc_item_title_style_default\">Cont\u00e1ctanos, estamos listos<\/h6><h3 class=\"sc_item_title sc_title_title sc_align_center sc_item_title_style_default\">Para servirte<\/h3><\/div><!-- \/.sc_title -->[vc_empty_space alter_height=&#8221;large&#8221; hide_on_mobile=&#8221;&#8221; css=&#8221;.vc_custom_1491981479511{margin-bottom: -1.1rem !important;}&#8221;][vc_tta_tabs active_section=&#8221;1&#8243;][vc_tta_section i_icon_fontawesome=&#8221;&#8221; add_icon=&#8221;true&#8221; title=&#8221;Preescolar&#8221; tab_id=&#8221;1617676467333-6f228ef1-4e4d&#8221;]<div class=\"sc_layouts sc_layouts_default sc_layouts_1415\">[vc_row el_class=\"ipad-row\"][vc_column icons_position=\"left\"][vc_empty_space alter_height=\"small\" hide_on_mobile=\"\"][\/vc_column][vc_column width=\"5\/12\" icons_position=\"left\"][vc_empty_space height=\"10px\" alter_height=\"none\" hide_on_mobile=\"\" css=\".vc_custom_1617476492284{margin-bottom: 0.35rem !important;}\"]<div class=\"sc_layouts_item\"><div id=\"sc_title_760294868\"\r\n\t\tclass=\"sc_title sc_title_default\"><h6 class=\"sc_item_subtitle sc_title_subtitle sc_align_left sc_item_title_style_default\">Directorio<\/h6><h2 class=\"sc_item_title sc_title_title sc_align_left sc_item_title_style_default sc_item_title_tag\">Preescolar<\/h2><\/div><!-- \/.sc_title --><\/div>[vc_empty_space height=\"2px\" alter_height=\"small\" hide_on_mobile=\"\"][vc_column_text]\r\n<h5><strong>Ub\u00edcanos:<\/strong>\r\nCollado 571 esq. Lafragua.\r\nCol. Zaragoza.\r\nVeracruz, Ver. C.P 91910\r\n<strong>\r\nTel.:<\/strong> (229) 9323525 y 9324525\r\n<strong>\r\nEmail:<\/strong> <a href=\"mailto:preescolarccc@gmail.com\">preescolarccc@gmail.com<\/a><\/h5>\r\n[\/vc_column_text][vc_empty_space height=\"2px\" alter_height=\"small\" hide_on_mobile=\"\"][vc_btn title=\"Inscr\u00edbete ahora\" style=\"3d\" color=\"info\" size=\"lg\" i_type=\"material\" i_icon_material=\"vc-material vc-material-star\" css_animation=\"bounceIn\" add_icon=\"true\" link=\"url:http%3A%2F%2Fbit.ly%2Fadinsccc\"][\/vc_column][vc_column width=\"7\/12\" icons_position=\"left\"][vc_raw_html css=\"\"]JTNDaWZyYW1lJTIwc3JjJTNEJTIyaHR0cHMlM0ElMkYlMkZ3d3cuZ29vZ2xlLmNvbSUyRm1hcHMlMkZlbWJlZCUzRnBiJTNEJTIxMW0xOCUyMTFtMTIlMjExbTMlMjExZDM3NjguMzM5NDkzMTA5NzY1NSUyMTJkLTk2LjEzNjI2NjMyNDE2MDUzJTIxM2QxOS4xODAzNjg3NDg2ODY1MSUyMTJtMyUyMTFmMCUyMTJmMCUyMTNmMCUyMTNtMiUyMTFpMTAyNCUyMTJpNzY4JTIxNGYxMy4xJTIxM20zJTIxMW0yJTIxMXMweDg1YzM0MTI5NWE2NDg4OWYlMjUzQTB4M2ExNzU0OGZlZWY1ZjZmYiUyMTJzQ29sZWdpbyUyNTIwQ3Jpc3QlMjVDMyUyNUIzYmFsJTI1MjBDb2wlMjVDMyUyNUIzbiUyNTIwJTI4TWF0ZXJuYWwlMjUyMHklMjUyMFByZWVzY29sYXIlMjklMjE1ZTAlMjEzbTIlMjExc2VzJTIxMnNteCUyMTR2MTczMTgxNjI5MDM4NSUyMTVtMiUyMTFzZXMlMjEyc214JTIyJTIwd2lkdGglM0QlMjI2NDAlMjIlMjBoZWlnaHQlM0QlMjI0NTAlMjIlMjBzdHlsZSUzRCUyMmJvcmRlciUzQTAlM0IlMjIlMjBhbGxvd2Z1bGxzY3JlZW4lM0QlMjIlMjIlMjBsb2FkaW5nJTNEJTIybGF6eSUyMiUyMHJlZmVycmVycG9saWN5JTNEJTIybm8tcmVmZXJyZXItd2hlbi1kb3duZ3JhZGUlMjIlM0UlM0MlMkZpZnJhbWUlM0U=[\/vc_raw_html][\/vc_column][vc_column icons_position=\"left\"][vc_empty_space alter_height=\"small\" hide_on_mobile=\"\"][\/vc_column][\/vc_row]<\/div>[\/vc_tta_section][vc_tta_section i_icon_fontawesome=&#8221;fas fa-child&#8221; add_icon=&#8221;true&#8221; title=&#8221;Primaria&#8221; tab_id=&#8221;1617674586811-f0a96da5-65dc&#8221;]<div class=\"sc_layouts sc_layouts_default sc_layouts_1419\">[vc_row el_class=\"ipad-row\"][vc_column icons_position=\"left\"][vc_empty_space alter_height=\"small\" hide_on_mobile=\"\"][\/vc_column][vc_column width=\"5\/12\" icons_position=\"left\"][vc_empty_space height=\"10px\" alter_height=\"none\" hide_on_mobile=\"\" css=\".vc_custom_1617476492284{margin-bottom: 0.35rem !important;}\"]<div class=\"sc_layouts_item\"><div id=\"sc_title_1416958692\"\r\n\t\tclass=\"sc_title sc_title_default\"><h6 class=\"sc_item_subtitle sc_title_subtitle sc_align_left sc_item_title_style_default\">Directorio<\/h6><h2 class=\"sc_item_title sc_title_title sc_align_left sc_item_title_style_default sc_item_title_tag\">Primaria<\/h2><\/div><!-- \/.sc_title --><\/div>[vc_empty_space height=\"2px\" alter_height=\"small\" hide_on_mobile=\"\"][vc_column_text css=\"\"]\r\n<h5><strong>Ub\u00edcanos:<\/strong>\r\nLafragua No. 1945\r\nFracc. Moderno.\r\nVeracruz, Ver. C.P 91910\r\n<strong>\r\nTel.:<\/strong> (229) 9351189, 9373102 y 9378756\r\n<strong>Ext.<\/strong> 7111 y 7114\r\n<strong>\r\nEmail:<\/strong> <a href=\"mailto:primaria@www.colon.mx\">primaria@colon.mx<\/a><\/h5>\r\n[\/vc_column_text][vc_empty_space height=\"2px\" alter_height=\"small\" hide_on_mobile=\"\"][vc_btn title=\"Inscr\u00edbete ahora\" style=\"3d\" color=\"info\" size=\"lg\" i_type=\"material\" i_icon_material=\"vc-material vc-material-star\" css_animation=\"bounceIn\" add_icon=\"true\" link=\"url:http%3A%2F%2Fbit.ly%2Fadinsccc\"][\/vc_column][vc_column width=\"7\/12\" icons_position=\"left\"][vc_raw_html css=\"\"]JTNDaWZyYW1lJTIwc3JjJTNEJTIyaHR0cHMlM0ElMkYlMkZ3d3cuZ29vZ2xlLmNvbSUyRm1hcHMlMkZlbWJlZCUzRnBiJTNEJTIxMW0xOCUyMTFtMTIlMjExbTMlMjExZDM3NjguNTY0NDMzNzI5MDY0NiUyMTJkLTk2LjEzNTU2NDI3NDE2MDY2JTIxM2QxOS4xNzA1MzQyNDg5OTY3JTIxMm0zJTIxMWYwJTIxMmYwJTIxM2YwJTIxM20yJTIxMWkxMDI0JTIxMmk3NjglMjE0ZjEzLjElMjEzbTMlMjExbTIlMjExczB4ODVjMzQxOTI4NjNiZDVmNSUyNTNBMHhjOGMyNDM3NjA5M2ZkYTRmJTIxMnNDb2xlZ2lvJTI1MjBDcmlzdCUyNUMzJTI1QjNiYWwlMjUyMENvbCUyNUMzJTI1QjNuJTI1MjAlMjhQcmltYXJpYSUyOSUyMTVlMCUyMTNtMiUyMTFzZXMlMjEyc214JTIxNHYxNzMxODE2MzU1NDQ0JTIxNW0yJTIxMXNlcyUyMTJzbXglMjIlMjB3aWR0aCUzRCUyMjY0MCUyMiUyMGhlaWdodCUzRCUyMjQ1MCUyMiUyMHN0eWxlJTNEJTIyYm9yZGVyJTNBMCUzQiUyMiUyMGFsbG93ZnVsbHNjcmVlbiUzRCUyMiUyMiUyMGxvYWRpbmclM0QlMjJsYXp5JTIyJTIwcmVmZXJyZXJwb2xpY3klM0QlMjJuby1yZWZlcnJlci13aGVuLWRvd25ncmFkZSUyMiUzRSUzQyUyRmlmcmFtZSUzRQ==[\/vc_raw_html][\/vc_column][vc_column icons_position=\"left\"][vc_empty_space alter_height=\"small\" hide_on_mobile=\"\"][\/vc_column][\/vc_row]<\/div>[\/vc_tta_section][vc_tta_section i_icon_fontawesome=&#8221;fas fa-chalkboard-teacher&#8221; add_icon=&#8221;true&#8221; title=&#8221;Secundaria&#8221; tab_id=&#8221;1617675938095-8ba3b25e-712c&#8221;]<div class=\"sc_layouts sc_layouts_default sc_layouts_1421\">[vc_row el_class=\"ipad-row\"][vc_column icons_position=\"left\"][vc_empty_space alter_height=\"small\" hide_on_mobile=\"\"][\/vc_column][vc_column width=\"5\/12\" icons_position=\"left\"][vc_empty_space height=\"10px\" alter_height=\"none\" hide_on_mobile=\"\" css=\".vc_custom_1617476492284{margin-bottom: 0.35rem !important;}\"]<div class=\"sc_layouts_item\"><div id=\"sc_title_417297219\"\r\n\t\tclass=\"sc_title sc_title_default\"><h6 class=\"sc_item_subtitle sc_title_subtitle sc_align_left sc_item_title_style_default\">Directorio<\/h6><h2 class=\"sc_item_title sc_title_title sc_align_left sc_item_title_style_default sc_item_title_tag\">Secundaria<\/h2><\/div><!-- \/.sc_title --><\/div>[vc_empty_space height=\"2px\" alter_height=\"small\" hide_on_mobile=\"\"][vc_column_text css=\"\"]\r\n<h5><strong>Ub\u00edcanos:<\/strong>\r\nAv. Salvador D\u00edaz Mir\u00f3n\r\nNo. 2602. Fracc. Moderno.\r\nVeracruz, Ver. C.P 91910\r\n<strong>\r\nTel.:<\/strong> (229) 9372189 y 9372923\r\n<strong>Ext.<\/strong> 7232, 7236 y 7244\r\n<strong>\r\nEmail:<\/strong> <a href=\"mailto:mbautista@www.colon.mx\">mbautista@colon.mx<\/a><\/h5>\r\n[\/vc_column_text][vc_empty_space height=\"2px\" alter_height=\"small\" hide_on_mobile=\"\"][vc_btn title=\"Inscr\u00edbete ahora\" style=\"3d\" color=\"info\" size=\"lg\" i_type=\"material\" i_icon_material=\"vc-material vc-material-star\" css_animation=\"bounceIn\" add_icon=\"true\" link=\"url:http%3A%2F%2Fbit.ly%2Fadinsccc\"][\/vc_column][vc_column width=\"7\/12\" icons_position=\"left\"][vc_raw_html css=\"\"]JTNDaWZyYW1lJTIwc3JjJTNEJTIyaHR0cHMlM0ElMkYlMkZ3d3cuZ29vZ2xlLmNvbSUyRm1hcHMlMkZlbWJlZCUzRnBiJTNEJTIxMW0xOCUyMTFtMTIlMjExbTMlMjExZDYwMzA1LjE3NTUyMzQ3NzczJTIxMmQtOTYuMTYxNDgwMTQyMjM3MDIlMjEzZDE5LjE0ODI2MTAxMDAxNzc1NSUyMTJtMyUyMTFmMCUyMTJmMCUyMTNmMCUyMTNtMiUyMTFpMTAyNCUyMTJpNzY4JTIxNGYxMy4xJTIxM20zJTIxMW0yJTIxMXMweDg1ZGIzM2I3Y2U5ZmZiNmYlMjUzQTB4YjNkMDViYTdhOWM1N2ZhZSUyMTJzQ29sZWdpbyUyNTIwQ3Jpc3QlMjVDMyUyNUIzYmFsJTI1MjBDb2wlMjVDMyUyNUIzbiUyNTIwJTI4U2VjdW5kYXJpYSUyNTIweSUyNTIwQmFjaGlsbGVyYXRvJTI5JTIxNWUwJTIxM20yJTIxMXNlcyUyMTJzbXglMjE0djE3MzE4MTU5MjU5NzElMjE1bTIlMjExc2VzJTIxMnNteCUyMiUyMHdpZHRoJTNEJTIyNjQwJTIyJTIwaGVpZ2h0JTNEJTIyNDUwJTIyJTIwc3R5bGUlM0QlMjJib3JkZXIlM0EwJTNCJTIyJTIwYWxsb3dmdWxsc2NyZWVuJTNEJTIyJTIyJTIwbG9hZGluZyUzRCUyMmxhenklMjIlMjByZWZlcnJlcnBvbGljeSUzRCUyMm5vLXJlZmVycmVyLXdoZW4tZG93bmdyYWRlJTIyJTNFJTNDJTJGaWZyYW1lJTNF[\/vc_raw_html][\/vc_column][vc_column icons_position=\"left\"][vc_empty_space alter_height=\"small\" hide_on_mobile=\"\"][\/vc_column][\/vc_row]<\/div>[\/vc_tta_section][vc_tta_section i_icon_fontawesome=&#8221;icon-users-group&#8221; add_icon=&#8221;true&#8221; title=&#8221;Bachillerato&#8221; tab_id=&#8221;1617675947380-b4d422d7-cf30&#8243;]<div class=\"sc_layouts sc_layouts_default sc_layouts_1423\">[vc_row el_class=\"ipad-row\"][vc_column icons_position=\"left\"][vc_empty_space alter_height=\"small\" hide_on_mobile=\"\"][\/vc_column][vc_column width=\"5\/12\" icons_position=\"left\"][vc_empty_space height=\"10px\" alter_height=\"none\" hide_on_mobile=\"\" css=\".vc_custom_1617476492284{margin-bottom: 0.35rem !important;}\"]<div class=\"sc_layouts_item\"><div id=\"sc_title_2127855414\"\r\n\t\tclass=\"sc_title sc_title_default\"><h6 class=\"sc_item_subtitle sc_title_subtitle sc_align_left sc_item_title_style_default\">Directorio<\/h6><h2 class=\"sc_item_title sc_title_title sc_align_left sc_item_title_style_default sc_item_title_tag\">Bachillerato<\/h2><\/div><!-- \/.sc_title --><\/div>[vc_empty_space height=\"2px\" alter_height=\"small\" hide_on_mobile=\"\"][vc_column_text css=\"\"]\r\n<h5><strong>Ub\u00edcanos:<\/strong>\r\nAv. Salvador D\u00edaz Mir\u00f3n\r\nNo. 2602. Fracc. Moderno.\r\nVeracruz, Ver. C.P 91910\r\n<strong>\r\nTel.:<\/strong> (229) 9372189 y 9372923\r\n<strong>Ext.<\/strong> 7240, 7244 y 7250\r\n<strong>\r\nEmail:<\/strong> <a href=\"mailto:secmedia@www.colon.mx\">secmedia@colon.mx<\/a><\/h5>\r\n[\/vc_column_text][vc_empty_space height=\"2px\" alter_height=\"small\" hide_on_mobile=\"\"][vc_btn title=\"Inscr\u00edbete ahora\" style=\"3d\" color=\"info\" size=\"lg\" i_type=\"material\" i_icon_material=\"vc-material vc-material-star\" css_animation=\"bounceIn\" add_icon=\"true\" link=\"url:http%3A%2F%2Fbit.ly%2Fadinsccc\"][\/vc_column][vc_column width=\"7\/12\" icons_position=\"left\"][vc_raw_html css=\"\"]JTNDaWZyYW1lJTIwc3JjJTNEJTIyaHR0cHMlM0ElMkYlMkZ3d3cuZ29vZ2xlLmNvbSUyRm1hcHMlMkZlbWJlZCUzRnBiJTNEJTIxMW0xOCUyMTFtMTIlMjExbTMlMjExZDYwMzA1LjE3NTUyMzQ3NzczJTIxMmQtOTYuMTYxNDgwMTQyMjM3MDIlMjEzZDE5LjE0ODI2MTAxMDAxNzc1NSUyMTJtMyUyMTFmMCUyMTJmMCUyMTNmMCUyMTNtMiUyMTFpMTAyNCUyMTJpNzY4JTIxNGYxMy4xJTIxM20zJTIxMW0yJTIxMXMweDg1ZGIzM2I3Y2U5ZmZiNmYlMjUzQTB4YjNkMDViYTdhOWM1N2ZhZSUyMTJzQ29sZWdpbyUyNTIwQ3Jpc3QlMjVDMyUyNUIzYmFsJTI1MjBDb2wlMjVDMyUyNUIzbiUyNTIwJTI4U2VjdW5kYXJpYSUyNTIweSUyNTIwQmFjaGlsbGVyYXRvJTI5JTIxNWUwJTIxM20yJTIxMXNlcyUyMTJzbXglMjE0djE3MzE4MTU5MjU5NzElMjE1bTIlMjExc2VzJTIxMnNteCUyMiUyMHdpZHRoJTNEJTIyNjQwJTIyJTIwaGVpZ2h0JTNEJTIyNDUwJTIyJTIwc3R5bGUlM0QlMjJib3JkZXIlM0EwJTNCJTIyJTIwYWxsb3dmdWxsc2NyZWVuJTNEJTIyJTIyJTIwbG9hZGluZyUzRCUyMmxhenklMjIlMjByZWZlcnJlcnBvbGljeSUzRCUyMm5vLXJlZmVycmVyLXdoZW4tZG93bmdyYWRlJTIyJTNFJTNDJTJGaWZyYW1lJTNF[\/vc_raw_html][\/vc_column][vc_column icons_position=\"left\"][vc_empty_space alter_height=\"small\" hide_on_mobile=\"\"][\/vc_column][\/vc_row]<\/div>[\/vc_tta_section][\/vc_tta_tabs][vc_empty_space alter_height=&#8221;small&#8221; hide_on_mobile=&#8221;&#8221; css=&#8221;.vc_custom_1491982451305{margin-bottom: 2px !important;}&#8221;][\/vc_column][\/vc_row][vc_row full_width=&#8221;stretch_row&#8221; equal_height=&#8221;yes&#8221; content_placement=&#8221;middle&#8221; css=&#8221;.vc_custom_1491988433485{background-color: #f2f3f6 !important;}&#8221;][vc_column width=&#8221;1\/2&#8243;][vc_empty_space alter_height=&#8221;small&#8221; hide_on_mobile=&#8221;&#8221;][vc_single_image image=&#8221;1646&#8243; img_size=&#8221;full&#8221; css=&#8221;.vc_custom_1627597212335{margin-bottom: 0px !important;}&#8221;][\/vc_column][vc_column width=&#8221;1\/2&#8243;][vc_empty_space alter_height=&#8221;large&#8221; hide_on_mobile=&#8221;&#8221; css=&#8221;.vc_custom_1617679047680{margin-bottom: -1rem !important;}&#8221;]<div id=\"sc_title_1742338193\"\r\n\t\tclass=\"sc_title sc_title_default\"><h6 class=\"sc_item_subtitle sc_title_subtitle sc_align_center sc_item_title_style_default\">Solicita tu visita<\/h6><h2 class=\"sc_item_title sc_title_title sc_align_center sc_item_title_style_default sc_item_title_tag\">Hoy mismo<\/h2><\/div><!-- \/.sc_title -->[vc_empty_space hide_on_mobile=&#8221;&#8221; css=&#8221;.vc_custom_1617679029352{margin-bottom: 2rem !important;}&#8221;]\n<div class=\"wpcf7 no-js\" id=\"wpcf7-f1102-o1\" lang=\"es-ES\" dir=\"ltr\" data-wpcf7-id=\"1102\">\n<div class=\"screen-reader-response\"><p role=\"status\" aria-live=\"polite\" aria-atomic=\"true\"><\/p> <ul><\/ul><\/div>\n<form action=\"\/index.php\/wp-json\/wp\/v2\/pages\/63#wpcf7-f1102-o1\" method=\"post\" class=\"wpcf7-form init\" aria-label=\"Formulario de contacto\" novalidate=\"novalidate\" data-status=\"init\">\n<fieldset class=\"hidden-fields-container\"><input type=\"hidden\" name=\"_wpcf7\" value=\"1102\" \/><input type=\"hidden\" name=\"_wpcf7_version\" value=\"6.1.5\" \/><input type=\"hidden\" name=\"_wpcf7_locale\" value=\"es_ES\" \/><input type=\"hidden\" name=\"_wpcf7_unit_tag\" value=\"wpcf7-f1102-o1\" \/><input type=\"hidden\" name=\"_wpcf7_container_post\" value=\"0\" \/><input type=\"hidden\" name=\"_wpcf7_posted_data_hash\" value=\"\" \/><input type=\"hidden\" name=\"_wpcf7_recaptcha_response\" value=\"\" \/>\n<\/fieldset>\n<p><label> Nombre completo del padre, madre o tutor*<br \/>\n<span class=\"wpcf7-form-control-wrap\" data-name=\"your-name\"><input size=\"40\" maxlength=\"400\" class=\"wpcf7-form-control wpcf7-text wpcf7-validates-as-required\" aria-required=\"true\" aria-invalid=\"false\" placeholder=\"Ej. Mar\u00eda Gonz\u00e1lez L\u00f3pez\" value=\"\" type=\"text\" name=\"your-name\" \/><\/span><br \/>\n<\/label>\n<\/p>\n<p><label> Tu correo electr\u00f3nico*<br \/>\n<span class=\"wpcf7-form-control-wrap\" data-name=\"your-email\"><input size=\"40\" maxlength=\"400\" class=\"wpcf7-form-control wpcf7-email wpcf7-validates-as-required wpcf7-text wpcf7-validates-as-email\" aria-required=\"true\" aria-invalid=\"false\" placeholder=\"Ej. nombre@correo.com\" value=\"\" type=\"email\" name=\"your-email\" \/><\/span><br \/>\n<\/label>\n<\/p>\n<p><label> N\u00famero de celular o WhatsApp*<br \/>\n<span class=\"wpcf7-form-control-wrap\" data-name=\"celular\"><input size=\"40\" maxlength=\"400\" class=\"wpcf7-form-control wpcf7-tel wpcf7-validates-as-required wpcf7-text wpcf7-validates-as-tel\" aria-required=\"true\" aria-invalid=\"false\" placeholder=\"Ej. 2292652023\" value=\"\" type=\"tel\" name=\"celular\" \/><\/span><br \/>\n<\/label>\n<\/p>\n<p><label> Nombre de la persona aspirante*<br \/>\n<span class=\"wpcf7-form-control-wrap\" data-name=\"NombreAlum\"><input size=\"40\" maxlength=\"400\" class=\"wpcf7-form-control wpcf7-text wpcf7-validates-as-required\" aria-required=\"true\" aria-invalid=\"false\" placeholder=\"Ej. Juan P\u00e9rez Gonz\u00e1lez\" value=\"\" type=\"text\" name=\"NombreAlum\" \/><\/span><br \/>\n<\/label>\n<\/p>\n<p><label> Secci\u00f3n de inter\u00e9s:*<br \/>\n<span class=\"wpcf7-form-control-wrap\" data-name=\"seccion\"><select class=\"wpcf7-form-control wpcf7-select wpcf7-validates-as-required\" aria-required=\"true\" aria-invalid=\"false\" name=\"seccion\"><option value=\"\">Selecciona una opci\u00f3n<\/option><option value=\"Preescolar\">Preescolar<\/option><option value=\"Primaria\">Primaria<\/option><option value=\"Secundaria\">Secundaria<\/option><option value=\"Bachillerato\">Bachillerato<\/option><\/select><\/span><br \/>\n<\/label>\n<\/p>\n<p><label> Escuela de procedencia y promedio<br \/>\n<span class=\"wpcf7-form-control-wrap\" data-name=\"your-school\"><input size=\"40\" maxlength=\"400\" class=\"wpcf7-form-control wpcf7-text\" aria-invalid=\"false\" placeholder=\"Ej. Instituto Crist\u00f3bal Col\u00f3n \u2013 Promedio 9.2\" value=\"\" type=\"text\" name=\"your-school\" \/><\/span><br \/>\n<\/label>\n<\/p>\n<p><label> \u00bfHay algo m\u00e1s que quieras compartir con nosotros?<br \/>\n<span class=\"wpcf7-form-control-wrap\" data-name=\"your-message\"><textarea cols=\"40\" rows=\"10\" maxlength=\"2000\" class=\"wpcf7-form-control wpcf7-textarea\" aria-invalid=\"false\" placeholder=\"Centro de trabajo de madre\/padre o tutor, horarios disponibles, dudas espec\u00edficas, etc.\" name=\"your-message\"><\/textarea><\/span><br \/>\n<\/label>\n<\/p>\n<p><span class=\"wpcf7-form-control-wrap\" data-name=\"acceptance-339\"><span class=\"wpcf7-form-control wpcf7-acceptance\"><span class=\"wpcf7-list-item\"><label><input type=\"checkbox\" name=\"acceptance-339\" value=\"1\" aria-invalid=\"false\" \/><span class=\"wpcf7-list-item-label\">Acepto la <a href=\"https:\/\/colon.mx\/wp-content\/uploads\/2017\/02\/Avisos-de-Privacidad-Colegio-Cristobal-Colon-2021.pdf\" rel=\"nofollow\" target=\"_blank\">pol\u00edtica de privacidad<\/a>.<\/span><\/label><\/span><\/span><\/span>\n<\/p>\n<p><input class=\"wpcf7-form-control wpcf7-submit has-spinner\" type=\"submit\" value=\"Enviar\" \/>\n<\/p><div class=\"wpcf7-response-output\" aria-hidden=\"true\"><\/div>\n<\/form>\n<\/div>\n[vc_empty_space alter_height=&#8221;small&#8221; hide_on_mobile=&#8221;&#8221; css=&#8221;.vc_custom_1491990309837{margin-bottom: 2rem !important;}&#8221;][\/vc_column][\/vc_row]<\/p>\n<\/div>","protected":false},"excerpt":{"rendered":"<p>[vc_row][vc_column][vc_empty_space alter_height=&#8221;small&#8221; hide_on_mobile=&#8221;&#8221; css=&#8221;.vc_custom_1617678866088{margin-bottom: 2rem !important;}&#8221;][vc_empty_space alter_height=&#8221;large&#8221; hide_on_mobile=&#8221;&#8221; css=&#8221;.vc_custom_1491981479511{margin-bottom: -1.1rem !important;}&#8221;][vc_tta_tabs active_section=&#8221;1&#8243;][vc_tta_section i_icon_fontawesome=&#8221;&#8221; add_icon=&#8221;true&#8221; title=&#8221;Preescolar&#8221; tab_id=&#8221;1617676467333-6f228ef1-4e4d&#8221;][\/vc_tta_section][vc_tta_section i_icon_fontawesome=&#8221;fas fa-child&#8221; add_icon=&#8221;true&#8221; title=&#8221;Primaria&#8221; tab_id=&#8221;1617674586811-f0a96da5-65dc&#8221;][\/vc_tta_section][vc_tta_section i_icon_fontawesome=&#8221;fas fa-chalkboard-teacher&#8221; add_icon=&#8221;true&#8221; title=&#8221;Secundaria&#8221; tab_id=&#8221;1617675938095-8ba3b25e-712c&#8221;][\/vc_tta_section][vc_tta_section i_icon_fontawesome=&#8221;icon-users-group&#8221; add_icon=&#8221;true&#8221; title=&#8221;Bachillerato&#8221; tab_id=&#8221;1617675947380-b4d422d7-cf30&#8243;][\/vc_tta_section][\/vc_tta_tabs][vc_empty_space alter_height=&#8221;small&#8221; hide_on_mobile=&#8221;&#8221; css=&#8221;.vc_custom_1491982451305{margin-bottom: 2px !important;}&#8221;][\/vc_column][\/vc_row][vc_row full_width=&#8221;stretch_row&#8221; equal_height=&#8221;yes&#8221; content_placement=&#8221;middle&#8221; css=&#8221;.vc_custom_1491988433485{background-color: #f2f3f6&hellip;<\/p>\n","protected":false},"author":1,"featured_media":0,"parent":0,"menu_order":0,"comment_status":"closed","ping_status":"closed","template":"","meta":{"footnotes":""},"class_list":["post-63","page","type-page","status-publish","hentry"],"_links":{"self":[{"href":"https:\/\/colon.mx\/index.php\/wp-json\/wp\/v2\/pages\/63","targetHints":{"allow":["GET"]}}],"collection":[{"href":"https:\/\/colon.mx\/index.php\/wp-json\/wp\/v2\/pages"}],"about":[{"href":"https:\/\/colon.mx\/index.php\/wp-json\/wp\/v2\/types\/page"}],"author":[{"embeddable":true,"href":"https:\/\/colon.mx\/index.php\/wp-json\/wp\/v2\/users\/1"}],"replies":[{"embeddable":true,"href":"https:\/\/colon.mx\/index.php\/wp-json\/wp\/v2\/comments?post=63"}],"version-history":[{"count":0,"href":"https:\/\/colon.mx\/index.php\/wp-json\/wp\/v2\/pages\/63\/revisions"}],"wp:attachment":[{"href":"https:\/\/colon.mx\/index.php\/wp-json\/wp\/v2\/media?parent=63"}],"curies":[{"name":"wp","href":"https:\/\/api.w.org\/{rel}","templated":true}]}}