{"id":891,"date":"2021-03-04T01:32:34","date_gmt":"2021-03-04T01:32:34","guid":{"rendered":"http:\/\/colonver.com\/?page_id=891"},"modified":"2022-03-02T19:05:31","modified_gmt":"2022-03-02T19:05:31","slug":"enlaces-internacionales","status":"publish","type":"page","link":"https:\/\/colon.mx\/index.php\/enlaces-internacionales\/","title":{"rendered":"Enlaces Internacionales"},"content":{"rendered":"<div class=\"wpb-content-wrapper\"><p>[vc_row equal_height=&#8221;yes&#8221; content_placement=&#8221;middle&#8221;][vc_column][vc_empty_space height=&#8221;5&#8243; alter_height=&#8221;none&#8221; hide_on_mobile=&#8221;&#8221;][\/vc_column][vc_column width=&#8221;5\/12&#8243; offset=&#8221;vc_col-lg-offset-1 vc_col-md-offset-1 vc_col-sm-offset-1&#8243;][vc_empty_space height=&#8221;5&#8243; alter_height=&#8221;none&#8221; hide_on_mobile=&#8221;&#8221;]<div id=\"sc_title_2139339719\"\r\n\t\tclass=\"sc_title sc_title_default\"><h6 class=\"sc_item_subtitle sc_title_subtitle sc_align_left sc_item_title_style_default\">Enlaces<\/h6><h2 class=\"sc_item_title sc_title_title sc_align_left sc_item_title_style_default sc_item_title_tag\">Internacionales<\/h2><\/div><!-- \/.sc_title -->[vc_empty_space alter_height=&#8221;small&#8221; hide_on_mobile=&#8221;&#8221; css=&#8221;.vc_custom_1492499517910{margin-bottom: 0.7rem !important;}&#8221;][vc_column_text]<b>Colegio Crist\u00f3bal Col\u00f3n Hispano-Veracruzano<br \/>\nMinisterio de Educaci\u00f3n, Cultura y Deporte de Espa\u00f1a<\/b><\/p>\n<p>El Colegio Crist\u00f3bal Col\u00f3n (CCC) mantiene desde el 2010-2011 un convenio de colaboraci\u00f3n con el <strong>Ministerio de Educaci\u00f3n, Cultura y Deporte de Espa\u00f1a<\/strong> y somos una instituci\u00f3n educativa que<strong> forma parte de la red de centros extranjeros con un convenio espa\u00f1ol.<\/strong><\/p>\n<p>Cada ciclo escolar el CCC prepara toda la informaci\u00f3n estad\u00edstica, descriptiva de los servicios y de los estudiantes, profesores y dem\u00e1s personal del colegio; todo ello se concentra en el &#8220;Documento de Organizaci\u00f3n del Centro&#8221;, el cual se actualiza y env\u00eda a\u00f1o con a\u00f1o, con la finalidad de continuar con el Convenio con el Ministerio de Espa\u00f1a y mantener una relaci\u00f3n educativa as\u00ed como un apoyo para la formaci\u00f3n docente en l\u00ednea.<\/p>\n<p><strong>Este convenio beneficia a toda nuestra comunidad educativa, ya que los alumnos al concluir sus estudios de educaci\u00f3n media superior tienen adem\u00e1s del t\u00edtulo oficial, el t\u00edtulo acad\u00e9mico expedido por el Ministerio de Espa\u00f1a equivalente a cursar estudios superiores en los centros de convenio de la red espa\u00f1ola de manera abierta.<\/strong> Cabe se\u00f1alar que para obtener el t\u00edtulo existen ciertas condiciones puntuales de tipo administrativas y acad\u00e9micas para nuestros estudiantes. (Condiciones sujetas por el Ministerio de Educaci\u00f3n Espa\u00f1ol).<\/p>\n<p>As\u00ed como otros beneficios para el personal de nuestro colegio: intercambios y cursos en l\u00ednea a trav\u00e9s de la <strong>Instituto Nacional de Tecnolog\u00edas Educativas y de Formaci\u00f3n del Profesorado (ITE).<\/strong>[\/vc_column_text][vc_empty_space alter_height=&#8221;small&#8221; hide_on_mobile=&#8221;&#8221;][\/vc_column][vc_column width=&#8221;5\/12&#8243;][vc_empty_space height=&#8221;5&#8243; alter_height=&#8221;none&#8221; hide_on_mobile=&#8221;&#8221;][vc_column_text][\/vc_column_text][vc_empty_space hide_on_mobile=&#8221;&#8221;][\/vc_column][\/vc_row]<\/p>\n<\/div>","protected":false},"excerpt":{"rendered":"<p>[vc_row equal_height=&#8221;yes&#8221; content_placement=&#8221;middle&#8221;][vc_column][vc_empty_space height=&#8221;5&#8243; alter_height=&#8221;none&#8221; hide_on_mobile=&#8221;&#8221;][\/vc_column][vc_column width=&#8221;5\/12&#8243; offset=&#8221;vc_col-lg-offset-1 vc_col-md-offset-1 vc_col-sm-offset-1&#8243;][vc_empty_space height=&#8221;5&#8243; alter_height=&#8221;none&#8221; hide_on_mobile=&#8221;&#8221;][vc_empty_space alter_height=&#8221;small&#8221; hide_on_mobile=&#8221;&#8221; css=&#8221;.vc_custom_1492499517910{margin-bottom: 0.7rem !important;}&#8221;][vc_column_text]Colegio Crist\u00f3bal Col\u00f3n Hispano-Veracruzano Ministerio de Educaci\u00f3n, Cultura y Deporte de Espa\u00f1a El Colegio Crist\u00f3bal Col\u00f3n (CCC) mantiene desde el 2010-2011 un convenio&hellip;<\/p>\n","protected":false},"author":1,"featured_media":0,"parent":0,"menu_order":0,"comment_status":"closed","ping_status":"closed","template":"","meta":{"footnotes":""},"class_list":["post-891","page","type-page","status-publish","hentry"],"_links":{"self":[{"href":"https:\/\/colon.mx\/index.php\/wp-json\/wp\/v2\/pages\/891","targetHints":{"allow":["GET"]}}],"collection":[{"href":"https:\/\/colon.mx\/index.php\/wp-json\/wp\/v2\/pages"}],"about":[{"href":"https:\/\/colon.mx\/index.php\/wp-json\/wp\/v2\/types\/page"}],"author":[{"embeddable":true,"href":"https:\/\/colon.mx\/index.php\/wp-json\/wp\/v2\/users\/1"}],"replies":[{"embeddable":true,"href":"https:\/\/colon.mx\/index.php\/wp-json\/wp\/v2\/comments?post=891"}],"version-history":[{"count":0,"href":"https:\/\/colon.mx\/index.php\/wp-json\/wp\/v2\/pages\/891\/revisions"}],"wp:attachment":[{"href":"https:\/\/colon.mx\/index.php\/wp-json\/wp\/v2\/media?parent=891"}],"curies":[{"name":"wp","href":"https:\/\/api.w.org\/{rel}","templated":true}]}}